{"id":25157,"date":"2020-02-07T11:22:05","date_gmt":"2020-02-07T08:22:05","guid":{"rendered":"http:\/\/lmgd.wpnet.upatras.gr\/?page_id=25157"},"modified":"2020-02-19T10:19:36","modified_gmt":"2020-02-19T07:19:36","slug":"our-projects-2-3-2","status":"publish","type":"page","link":"https:\/\/lmgd.philology.upatras.gr\/index.php\/projects-page\/our-projects-2-3-2\/","title":{"rendered":"\u03a0\u03c1\u03bf\u03c3\u03ba\u03b5\u03ba\u03bb\u03b7\u03bc\u03ad\u03bd\u03bf\u03b9 \u039f\u03bc\u03b9\u03bb\u03b7\u03c4\u03ad\u03c2"},"content":{"rendered":"<div class=\"wpb-content-wrapper\"><p>[vc_row full_width=&#8221;stretch_row&#8221; css=&#8221;.vc_custom_1582096775295{margin-bottom: 0px !important;background-position: center !important;background-repeat: no-repeat !important;background-size: cover !important;}&#8221;][vc_column][vc_column_text]<\/p>\n<h3>\u03a0\u03c1\u03bf\u03c3\u03ba\u03b5\u03ba\u03bb\u03b7\u03bc\u03ad\u03bd\u03bf\u03b9 \u03bf\u03bc\u03b9\u03bb\u03b7\u03c4\u03ad\u03c2<\/h3>\n<p>[\/vc_column_text][vc_column_inner][\/vc_column_inner][vc_column_text]<span class=\"bluhlight-jck\">2018<\/span><\/p>\n<ul>\n<li>\u0394\u03c1. \u039d\u03af\u03ba\u03bf\u03c2 \u039b\u03b9\u03cc\u03c3\u03b7\u03c2 (\u0395\u03c1\u03b5\u03c5\u03bd\u03b7\u03c4\u03ae\u03c2 \u03c3\u03c4\u03bf \u038a\u03b4\u03c1\u03c5\u03bc\u03b1 \u039c\u03b1\u03bd\u03cc\u03bb\u03b7\u03c2 \u03a4\u03c1\u03b9\u03b1\u03bd\u03c4\u03b1\u03c6\u03c5\u03bb\u03bb\u03af\u03b4\u03b7\u03c2)<\/li>\n<li>\u039a\u03b1\u03b8. Brian D. Joseph (Ohio State University)<\/li>\n<li>\u0391\u03bd\u03b1\u03c0\u03bb. \u039a\u03b1\u03b8. Maxim Kisilier (Saint Petersburg State University)<\/li>\n<li>\u0391\u03bd\u03b1\u03c0\u03bb. \u039a\u03b1\u03b8. Panayotis Pappas (Simon Fraser University)<\/li>\n<li>\u039a\u03b1\u03b8. Frans Hinskens (Vrije Universiteit Amsterdam)<\/li>\n<\/ul>\n<p>&nbsp;<\/p>\n<p><span class=\"bluhlight-jck\">2017<\/span><\/p>\n<ul>\n<li>\u0391\u03bd\u03b1\u03c0\u03bb. \u039a\u03b1\u03b8. \u0395\u03bb\u03b9\u03c3\u03ac\u03b2\u03b5\u03c4 \u039c\u03b5\u03bb\u03ac-\u0391\u03b8\u03b1\u03bd\u03b1\u03c3\u03bf\u03c0\u03bf\u03cd\u03bb\u03bf\u03c5\u00a0(\u0391\u03c1\u03b9\u03c3\u03c4\u03bf\u03c4\u03ad\u03bb\u03b5\u03b9\u03bf \u03a0\u03b1\u03bd\u03b5\u03c0\u03b9\u03c3\u03c4\u03ae\u03bc\u03b9\u03bf \u0398\u03b5\u03c3\u03c3\u03b1\u03bb\u03bf\u03bd\u03af\u03ba\u03b7\u03c2)<\/li>\n<li>\u0391\u03bd\u03b1\u03c0\u03bb. \u039a\u03b1\u03b8. Liana Tronci (Universit\u00e0 per Stranieri di Siena)<\/li>\n<li>\u039a\u03b1\u03b8. \u0392rian D. Joseph (Ohio State University)<\/li>\n<\/ul>\n<p>&nbsp;<\/p>\n<p><span class=\"bluhlight-jck\">2016<\/span><\/p>\n<div>\n<ul>\n<li>\u039a\u03b1\u03b8. Mark Aronoff (\u03a0\u03b1\u03bd\u03b5\u03c0\u03b9\u03c3\u03c4\u03ae\u03bc\u03b9\u03bf Stony Brook)<\/li>\n<li>Vito Pirrelli (\u0399\u03bd\u03c3\u03c4\u03b9\u03c4\u03bf\u03cd\u03c4\u03bf \u03a5\u03c0\u03bf\u03bb\u03bf\u03b3\u03b9\u03c3\u03c4\u03b9\u03ba\u03ae\u03c2 \u0393\u03bb\u03c9\u03c3\u03c3\u03bf\u03bb\u03bf\u03b3\u03af\u03b1\u03c2 &#8220;Antonio Zampolli&#8221; \u2013CNR)<\/li>\n<li>\u0395\u03c0\u03b9\u03ba. \u039a\u03b1\u03b8. \u0392\u03b1\u03c3\u03af\u03bb\u03b5\u03b9\u03bf\u03c2 \u03a3\u03c0\u03c5\u03c1\u03cc\u03c0\u03bf\u03c5\u03bb\u03bf\u03c2 (\u0395\u03b8\u03bd\u03b9\u03ba\u03cc \u03ba\u03b1\u03b9 \u039a\u03b1\u03c0\u03bf\u03b4\u03b9\u03c3\u03c4\u03c1\u03b9\u03b1\u03ba\u03cc \u03a0\u03b1\u03bd\u03b5\u03c0\u03b9\u03c3\u03c4\u03ae\u03bc\u03b9\u03bf \u0391\u03b8\u03b7\u03bd\u03ce\u03bd)<\/li>\n<li>\u0395\u03cd\u03b2\u03bf\u03b9\u03b1 \u039a\u03b1\u03ca\u03bd\u03b1\u03b4\u03ac (\u03a0\u03b1\u03bd\u03b5\u03c0\u03b9\u03c3\u03c4\u03ae\u03bc\u03b9\u03bf \u0399\u03c9\u03b1\u03bd\u03bd\u03af\u03bd\u03c9\u03bd)<\/li>\n<li>\u03a1\u03ac\u03bd\u03b9\u03b1 \u039a\u03b1\u03c1\u03b1\u03c7\u03ac\u03bb\u03b9\u03bf\u03c5 (\u03a0\u03b1\u03bd\u03b5\u03c0\u03b9\u03c3\u03c4\u03ae\u03bc\u03b9\u03bf \u03a0\u03b1\u03c4\u03c1\u03ce\u03bd)<\/li>\n<\/ul>\n<p>&nbsp;<\/p>\n<\/div>\n<div><span class=\"bluhlight-jck\">2014<\/span><\/div>\n<ul>\n<li>\u00a0\u00a0 Prof. Anna Anastassiadi-Symeonidi (Aristotle University of Thessaloniki)<\/li>\n<li>\u00a0\u00a0 Prof. Amalia Arvaniti (University of Kent)<\/li>\n<li>\u00a0\u00a0 Prof. Petya Assenova (University of Sofia)<\/li>\n<li>\u00a0\u00a0 Emeritus Prof. Gaberel Drachman (Universit\u00e4t Salzburg)<\/li>\n<li>\u00a0\u00a0 Dr. Francesco Gardani (Vienna University of Economics and Business)<\/li>\n<li>\u00a0\u00a0 Dr. Kristel van Goethem (University of Louvain la Neuve)<\/li>\n<li>\u00a0\u00a0 Prof. Mark Janse (Ghent University)<\/li>\n<li>\u00a0\u00a0 Prof. Brian D. Joseph (Ohio State University)<\/li>\n<li>\u00a0\u00a0 Emeritus Prof. Yves Charles Morin (Universit\u00e9 de Montr\u00e9al)<\/li>\n<li>\u00a0\u00a0 Prof. Anna Maria Di Sciullo (UQAM)<\/li>\n<li>\u00a0\u00a0 Prof. Dr. Pavel \u0160tekauer (Pavol Jozef \u0160af\u00e1rik University in Ko\u0161ice)<\/li>\n<\/ul>\n<div><span class=\"bluhlight-jck\">2013<\/span><\/div>\n<ul>\n<li>\u00a0\u00a0 Prof. Eva Willim (\u03a0\u03b1\u03bd\u03b5\u03c0\u03b9\u03c3\u03c4\u03ae\u03bc\u03b9\u03bf \u039a\u03c1\u03b1\u03ba\u03bf\u03b2\u03af\u03b1\u03c2, \u03a0\u03bf\u03bb\u03c9\u03bd\u03af\u03b1)<\/li>\n<li>\u00a0\u00a0 Dr. Chariton Charitonidis (University of Cologne)<\/li>\n<\/ul>\n<p>&nbsp;<\/p>\n<div><span class=\"bluhlight-jck\"><strong>2012<\/strong><\/span><\/div>\n<ul>\n<li>\n<div>Dr. \u0392\u03b1\u03c3\u03af\u03bb\u03b5\u03b9\u03bf\u03c2 \u03a3\u03c0\u03c5\u03c1\u03cc\u03c0\u03bf\u03c5\u03bb\u03bf\u03c2 (\u03a0\u03b1\u03bd\u03b5\u03c0\u03b9\u03c3\u03c4\u03ae\u03bc\u03b9\u03bf \u0391\u03b8\u03b7\u03bd\u03ce\u03bd)<\/div>\n<\/li>\n<li>\n<div>\u0394\u03b9\u03bf\u03bd\u03cd\u03c3\u03b7\u03c2 \u039c\u03b5\u03c1\u03c4\u03cd\u03c1\u03b7\u03c2 (\u03a0\u03b1\u03bd\u03b5\u03c0\u03b9\u03c3\u03c4\u03ae\u03bc\u03b9\u03bf La Trobe, \u039c\u03b5\u03bb\u03b2\u03bf\u03cd\u03c1\u03bd\u03b7)<\/div>\n<\/li>\n<li>\n<div>\u03ba\u03b1\u03b8. N\u03b9\u03ba\u03cc\u03bb\u03b1\u03bf\u03c2 \u03a0\u03b1\u03bd\u03c4\u03b5\u03bb\u03af\u03b4\u03b7\u03c2 (\u03a0\u03b1\u03bd\u03b5\u03c0\u03b9\u03c3\u03c4\u03ae\u03bc\u03b9\u03bf \u0391\u03b8\u03b7\u03bd\u03ce\u03bd)<\/div>\n<\/li>\n<\/ul>\n<div><\/div>\n<div><span class=\"bluhlight-jck\"><strong>2011<\/strong><\/span><\/div>\n<ul>\n<li>\u00a0\u00a0\u00a0 Pr\u03bff. Adam Ledgeway (University of Cambridge, UK)<\/li>\n<li>\u00a0\u00a0\u00a0 Prof. Ernst Hakon Jahr (University of Agder, Norway)<\/li>\n<li>\u00a0\u00a0\u00a0 Prof. Asl\u0131 G\u00f6ksel (Bo\u011fazi\u04abi University, Turkey)<\/li>\n<li>\u00a0\u00a0\u00a0 \u039a\u03b1\u03b8. \u039c\u03b1\u03c1\u03b9\u03ac\u03bd\u03bd\u03b1 \u039a\u03b1\u03c4\u03c3\u03bf\u03b3\u03b9\u03ac\u03bd\u03bd\u03bf\u03c5 (\u03a0\u03b1\u03bd\u03b5\u03c0\u03b9\u03c3\u03c4\u03ae\u03bc\u03b9\u03bf \u039a\u03cd\u03c0\u03c1\u03bf\u03c5)<\/li>\n<li>\u00a0\u00a0\u00a0 \u039a\u03b1\u03b8. \u039d\u03b9\u03ba\u03cc\u03bb\u03b1\u03bf\u03c2 \u03a0\u03b1\u03bd\u03c4\u03b5\u03bb\u03af\u03b4\u03b7\u03c2 (\u03a0\u03b1\u03bd\u03b5\u03c0\u03b9\u03c3\u03c4\u03ae\u03bc\u03b9\u03bf \u0391\u03b8\u03b7\u03bd\u03ce\u03bd)<\/li>\n<li>\u00a0\u00a0\u00a0 \u0394\u03c1. \u0393\u03b9\u03ce\u03c1\u03b3\u03bf\u03c2 \u03a3\u03b9\u03b4\u03b7\u03c1\u03cc\u03c0\u03bf\u03c5\u03bb\u03bf\u03c2 (\u03a0\u03b1\u03bd\u03b5\u03c0\u03b9\u03c3\u03c4\u03ae\u03bc\u03b9\u03bf \u0391\u03b9\u03b3\u03b1\u03af\u03bf\u03c5)<\/li>\n<li>\u00a0\u00a0\u00a0 Prof. Eva Kehayia (McGill University, 2008, 2011)<\/li>\n<\/ul>\n<p>&nbsp;<\/p>\n<div><span class=\"bluhlight-jck\"><strong>2010<\/strong><\/span><\/div>\n<ul>\n<li>\u00a0\u00a0\u00a0 \u0394\u03c1. \u0395\u03bb\u03b5\u03bf\u03bd\u03ce\u03c1\u03b1 \u0394\u03b7\u03bc\u03b5\u03bb\u03ac (\u03a0\u03b1\u03bd\u03b5\u03c0\u03b9\u03c3\u03c4\u03ae\u03bc\u03b9\u03bf \u0391\u03b9\u03b3\u03b1\u03af\u03bf\u03c5)<\/li>\n<li>\u00a0\u00a0\u00a0 Prof. Alice ter Meulen (Universit\u00e9 de Gen\u00e8ve, Switzerland)<\/li>\n<li>\u00a0\u00a0\u00a0 \u0394\u03c1. \u0399\u03ce \u039c\u03b1\u03bd\u03c9\u03bb\u03ad\u03c3\u03c3\u03bf\u03c5 (\u0395\u03c1\u03b5\u03c5\u03bd\u03ae\u03c4\u03c1\u03b9\u03b1 \u0392&#8217; \u03b2\u03b1\u03b8\u03bc\u03af\u03b4\u03b1\u03c2, \u0391\u03ba\u03b1\u03b4\u03b7\u03bc\u03af\u03b1 \u0391\u03b8\u03b7\u03bd\u03ce\u03bd)<\/li>\n<li>\u00a0\u00a0\u00a0 \u0394\u03c1. \u03a6\u03bf\u03af\u03b2\u03bf\u03c2 \u03a0\u03b1\u03bd\u03b1\u03b3\u03b9\u03c9\u03c4\u03af\u03b4\u03b7\u03c2 (\u03a0\u03b1\u03bd\u03b5\u03c0\u03b9\u03c3\u03c4\u03ae\u03bc\u03b9\u03bf \u039a\u03cd\u03c0\u03c1\u03bf\u03c5)<\/li>\n<li>\u00a0\u00a0\u00a0 \u0394\u03c1. \u03a7\u03c1\u03b9\u03c3\u03c4\u03af\u03bd\u03b1 \u039c\u03c0\u03b1\u03c3\u03c3\u03ad\u03b1, (\u0394\u03b9\u03b5\u03c5\u03b8\u03cd\u03bd\u03c4\u03c1\u03b9\u03b1 \u0399\u03c3\u03c4\u03bf\u03c1\u03b9\u03ba\u03bf\u03cd \u039b\u03b5\u03be\u03b9\u03ba\u03bf\u03cd \u0391\u03ba\u03b1\u03b4\u03b7\u03bc\u03af\u03b1\u03c2 \u0391\u03b8\u03b7\u03bd\u03ce\u03bd)<\/li>\n<li>\u00a0\u00a0\u00a0 Prof. Paul Kiparksy (Stanford University, USA)<\/li>\n<li>\u00a0\u00a0\u00a0 Prof. Hideki Kishimoto (Kobe University, Japan)<\/li>\n<li>\u00a0\u00a0\u00a0 Prof. Marina Nespor (Universit\u00e0 degli Studi di Ferrara, 2004, 2010)<\/li>\n<li>\u00a0\u00a0\u00a0 Prof. \u039cark Janse (Ghent University 2000, 2005, 2010)<\/li>\n<\/ul>\n<div><span class=\"bluhlight-jck\"><strong>2009<\/strong><\/span><\/div>\n<ul>\n<li>\u00a0\u00a0\u00a0 Prof. Anne-Marie Di Sciullo (Universit\u00e8 du Qu\u00e9bec \u00e0 Montr\u00e9al, Canada)<\/li>\n<\/ul>\n<div><span class=\"bluhlight-jck\"><strong>2008<\/strong><\/span><\/div>\n<ul>\n<li>\u00a0\u00a0\u00a0 Prof. Imre Szigeti (University of Budapest, Hungary, 2000, 2005, 2008)<\/li>\n<li>\u00a0\u00a0\u00a0 Prof. \u0392rian D. Joseph (Ohio-State University, USA, 2000, 2008)<\/li>\n<li>\u00a0\u00a0\u00a0 Prof. Rajendra Singh (University of Montreal, Canada)<\/li>\n<li>\u00a0\u00a0\u00a0 Prof. Livio Gaeta (Universit\u00e0 degli Studi di Napoli, Federico II, Italy 2008)<\/li>\n<li>\u00a0\u00a0\u00a0 K\u03b1\u03b8. \u0394\u03ae\u03bc\u03b7\u03c4\u03c1\u03b1 \u0398\u03b5\u03bf\u03c6\u03b1\u03bd\u03bf\u03c0\u03bf\u03cd\u03bb\u03bf\u03c5-\u039a\u03bf\u03bd\u03c4\u03bf\u03cd (\u0395\u039a\u03a0\u0391, 2008)<\/li>\n<li>\u00a0\u00a0\u00a0 Prof. Sergio Scalise (Universit\u00e0 degli Studi di Bologna, Italy, 2005, 2008)<\/li>\n<li>\u00a0\u00a0\u00a0 Dr. Vito Pirrelli (CNR, Pisa, Italy)<\/li>\n<li>\u00a0\u00a0\u00a0 Prof. Neil Smith (University College London, UK)<\/li>\n<li>\u00a0\u00a0\u00a0 Dr. Karolyna Gortych (University of Poznan, Poland)<\/li>\n<li>\u00a0\u00a0\u00a0 Prof. Ian Roberts (Cambridge University, UK)<\/li>\n<\/ul>\n<div><span class=\"bluhlight-jck\"><strong>2007<\/strong><\/span><\/div>\n<ul>\n<li>\u00a0\u00a0\u00a0 Dr. Stavros Skopeteas (University of Potsdam, 2005, 2006, 2007)<\/li>\n<li>\u00a0\u00a0\u00a0 Prof. Geert Booij (University of Leiden, 2005, 2007)<\/li>\n<li>\u00a0\u00a0\u00a0 Prof. Rita Manzini (Universit\u00e0 degli Studi di Firenze, Italy)<\/li>\n<li>\u00a0\u00a0\u00a0 Prof. Claudio Iacobini (Universit\u00e0 degli Studi di Salerno, Italy)<\/li>\n<li>\u00a0\u00a0\u00a0 \u039a\u03b1\u03b8. \u0394\u03ad\u03c3\u03c0\u03bf\u03b9\u03bd\u03b1 \u03a7\u03b5\u03b9\u03bb\u03ac-\u039c\u03b1\u03c1\u03ba\u03bf\u03c0\u03bf\u03cd\u03bb\u03bf\u03c5 (\u0395\u039a\u03a0\u0391)<\/li>\n<\/ul>\n<p><span class=\"bluhlight-jck\"><strong>2006<\/strong><\/span><\/p>\n<ul>\n<li>\u00a0\u00a0\u00a0 Prof. Rochelle Lieber (University of New Hamshire, USA)<\/li>\n<li>\u00a0\u00a0\u00a0 Dr. Marc van Oostendorp (Meertens Institute \/ Leiden, the Netherlands)<\/li>\n<li>\u00a0\u00a0\u00a0 Prof. Paul Kerswill (University of Lancaster, UK)<\/li>\n<li>\u00a0\u00a0\u00a0 Dr. Dave Britain (Essex University, UK)<\/li>\n<li>\u00a0\u00a0\u00a0 Prof. Eric Wehrli (Universit\u00e9 de Gen\u00e8ve, Switzerland)<\/li>\n<\/ul>\n<p><span class=\"bluhlight-jck\"><strong>2005<\/strong><\/span><\/p>\n<ul>\n<li>\u00a0\u00a0\u00a0 Dr. Antonietta Bisetto (Universit\u00e0 degli Studi di Bologna, Italy)<\/li>\n<li>\u00a0\u00a0\u00a0 Prof. Giuseppe Longobardi (Universit\u00e0 degli Studi di Trieste, Italy)<\/li>\n<li><\/li>\n<\/ul>\n<p><span class=\"bluhlight-jck\"><strong>2004<\/strong><\/span><\/p>\n<ul>\n<li>\u00a0\u00a0\u00a0 Prof. Gonia Jarema (University of Montreal, Canada)<\/li>\n<\/ul>\n<p><span class=\"bluhlight-jck\"><strong>2000<\/strong><\/span><\/p>\n<ul>\n<li>\u00a0\u00a0\u00a0 \u039a\u03b1\u03b8. \u03a7\u03c1\u03b9\u03c3\u03c4\u03cc\u03c6\u03bf\u03c1\u03bf\u03c2 \u03a7\u03b1\u03c1\u03b1\u03bb\u03b1\u03bc\u03c0\u03ac\u03ba\u03b7\u03c2 (\u0395\u039a\u03a0\u0391)<\/li>\n<li>\u00a0\u00a0\u00a0 Prof. Jean-Yves Morin (University of Montreal, Canada)<\/li>\n<li>\u00a0\u00a0\u00a0 Prof. Franco Fanciullo (Universit\u00e0 degli Studi di Pisa, Italy)<\/li>\n<\/ul>\n<p>[\/vc_column_text][\/vc_column][\/vc_row]<\/p>\n<\/div>","protected":false},"excerpt":{"rendered":"<p>[vc_row full_width=&#8221;stretch_row&#8221; css=&#8221;.vc_custom_1582096775295{margin-bottom: 0px !important;background-position: center !important;background-repeat: no-repeat !important;background-size: cover !important;}&#8221;][vc_column][vc_column_text] \u03a0\u03c1\u03bf\u03c3\u03ba\u03b5\u03ba\u03bb\u03b7\u03bc\u03ad\u03bd\u03bf\u03b9 \u03bf\u03bc\u03b9\u03bb\u03b7\u03c4\u03ad\u03c2 [\/vc_column_text][vc_column_inner][\/vc_column_inner][vc_column_text]2018 \u0394\u03c1. \u039d\u03af\u03ba\u03bf\u03c2 \u039b\u03b9\u03cc\u03c3\u03b7\u03c2 (\u0395\u03c1\u03b5\u03c5\u03bd\u03b7\u03c4\u03ae\u03c2 \u03c3\u03c4\u03bf \u038a\u03b4\u03c1\u03c5\u03bc\u03b1&#8230;<\/p>\n","protected":false},"author":35,"featured_media":0,"parent":24924,"menu_order":0,"comment_status":"closed","ping_status":"closed","template":"","meta":{"footnotes":""},"class_list":["post-25157","page","type-page","status-publish"],"_links":{"self":[{"href":"https:\/\/lmgd.philology.upatras.gr\/index.php\/wp-json\/wp\/v2\/pages\/25157","targetHints":{"allow":["GET"]}}],"collection":[{"href":"https:\/\/lmgd.philology.upatras.gr\/index.php\/wp-json\/wp\/v2\/pages"}],"about":[{"href":"https:\/\/lmgd.philology.upatras.gr\/index.php\/wp-json\/wp\/v2\/types\/page"}],"author":[{"embeddable":true,"href":"https:\/\/lmgd.philology.upatras.gr\/index.php\/wp-json\/wp\/v2\/users\/35"}],"replies":[{"embeddable":true,"href":"https:\/\/lmgd.philology.upatras.gr\/index.php\/wp-json\/wp\/v2\/comments?post=25157"}],"version-history":[{"count":7,"href":"https:\/\/lmgd.philology.upatras.gr\/index.php\/wp-json\/wp\/v2\/pages\/25157\/revisions"}],"predecessor-version":[{"id":25159,"href":"https:\/\/lmgd.philology.upatras.gr\/index.php\/wp-json\/wp\/v2\/pages\/25157\/revisions\/25159"}],"up":[{"embeddable":true,"href":"https:\/\/lmgd.philology.upatras.gr\/index.php\/wp-json\/wp\/v2\/pages\/24924"}],"wp:attachment":[{"href":"https:\/\/lmgd.philology.upatras.gr\/index.php\/wp-json\/wp\/v2\/media?parent=25157"}],"curies":[{"name":"wp","href":"https:\/\/api.w.org\/{rel}","templated":true}]}}